{"id":10,"date":"2012-12-11T17:44:30","date_gmt":"2012-12-11T17:44:30","guid":{"rendered":"http:\/\/www.armati-domini.at\/?page_id=10"},"modified":"2023-03-29T17:08:34","modified_gmt":"2023-03-29T15:08:34","slug":"mitglieder","status":"publish","type":"page","link":"http:\/\/www.armati-domini.at\/?page_id=10","title":{"rendered":"Mitglieder"},"content":{"rendered":"<table style=\"height: 1281px;\" width=\"640\">\n<tbody>\n<tr>\n<td><a href=\"http:\/\/www.armati-domini.at\/?page_id=65\" rel=\"attachment wp-att-4432\"><img loading=\"lazy\" decoding=\"async\" class=\" wp-image-4432\" src=\"http:\/\/www.armati-domini.at\/wp-content\/uploads\/2016\/11\/Wappen-Georg-gro\u00df-schwarz-teaser.jpg\" alt=\"sg_wappen_k_100mm\" width=\"87\" height=\"110\" \/><\/a><\/td>\n<td><a title=\"Georg\" href=\"http:\/\/armati-domini.at\/?page_id=65\">Georg der Graue<\/a><\/td>\n<td><\/td>\n<td><a href=\"http:\/\/armati-domini.at\/?page_id=88\"><img loading=\"lazy\" decoding=\"async\" class=\"size-full wp-image-146 alignleft\" src=\"http:\/\/armati-domini.at\/wp-content\/uploads\/AD Information\/Verein-Personen\/Mitglieder\/Stephan von Stammersdorf\/Wappen-Stephan-HP-teaser.jpg\" alt=\"Wappen Stephan HP teaser\" width=\"78\" height=\"83\" \/><\/a><\/td>\n<td><a title=\"Stephan von Stammersdorf\" href=\"http:\/\/armati-domini.at\/?page_id=88\">Stephan von Stoumarsdorf<\/a><\/td>\n<\/tr>\n<tr>\n<td><a href=\"http:\/\/armati-domini.at\/?page_id=591\"><img loading=\"lazy\" decoding=\"async\" class=\"size-full wp-image-199 alignleft\" src=\"http:\/\/armati-domini.at\/wp-content\/uploads\/AD Information\/Verein-Personen\/Mitglieder\/Corinna the Capable\/wappen-corinna-teaser-2.png\" alt=\"wappen corinna teaser 2\" width=\"80\" height=\"101\" \/><\/a><\/td>\n<td><a href=\"http:\/\/armati-domini.at\/?page_id=591\">Corinna von Creutzenstein<\/a><\/td>\n<td><\/td>\n<td><a href=\"http:\/\/www.armati-domini.at\/?page_id=76\"><img loading=\"lazy\" decoding=\"async\" class=\"alignleft wp-image-4166 size-full\" src=\"http:\/\/www.armati-domini.at\/wp-content\/uploads\/2016\/03\/wappen-theres-teaser-1-e1471503527295.jpg\" alt=\"wappen theres teaser 1\" width=\"80\" height=\"102\" \/><\/a><\/td>\n<td><a href=\"http:\/\/www.armati-domini.at\/?page_id=76\">Muireann Nic Mhathghamhna<\/a><\/td>\n<\/tr>\n<tr>\n<td><a href=\"http:\/\/armati-domini.at\/?page_id=94\"><img loading=\"lazy\" decoding=\"async\" class=\"size-full wp-image-4194 alignleft\" src=\"http:\/\/armati-domini.at\/wp-content\/uploads\/2016\/03\/Wappen-Neydenstein-teaser.jpg\" alt=\"Wappen Neydenstein teaser\" width=\"79\" height=\"112\" \/><\/a><\/td>\n<td><a title=\"Norbert von Neydenstein\" href=\"http:\/\/armati-domini.at\/?page_id=94\">Norbert von Neydenstein<\/a><\/td>\n<td><\/td>\n<td><img loading=\"lazy\" decoding=\"async\" class=\"size-full wp-image-4488\" src=\"http:\/\/www.armati-domini.at\/wp-content\/uploads\/2016\/11\/Wappen-in-Arbeit-Platzhalter-scale.jpg\" alt=\"\" width=\"81\" height=\"102\" \/><\/td>\n<td>Raffael von Rabenstein<\/td>\n<\/tr>\n<tr>\n<td><a href=\"http:\/\/armati-domini.at\/?page_id=4171\"><img loading=\"lazy\" decoding=\"async\" class=\"size-full wp-image-4195 alignleft\" src=\"http:\/\/armati-domini.at\/wp-content\/uploads\/2016\/03\/Wappen-Philipp-Teaser.jpg\" alt=\"Wappen Philipp Teaser\" width=\"79\" height=\"111\" \/><\/a><\/td>\n<td><a href=\"http:\/\/armati-domini.at\/?page_id=4171\">Philipp von Planchnstayn<\/a><\/td>\n<td><\/td>\n<td><a href=\"http:\/\/armati-domini.at\/?page_id=4018\"><img loading=\"lazy\" decoding=\"async\" class=\"size-full wp-image-4178 alignleft\" src=\"http:\/\/armati-domini.at\/wp-content\/uploads\/2016\/03\/Wappen-Flo-colour-teaser.jpg\" alt=\"Wappen Flo colour teaser\" width=\"90\" height=\"105\" \/><\/a><\/td>\n<td><a href=\"http:\/\/armati-domini.at\/?page_id=4018\">Florian von Falkenstein<\/a><\/td>\n<\/tr>\n<tr>\n<td><a href=\"http:\/\/www.armati-domini.at\/?page_id=86\" rel=\"attachment wp-att-4518\"><img loading=\"lazy\" decoding=\"async\" class=\"alignnone size-full wp-image-4518\" src=\"http:\/\/www.armati-domini.at\/wp-content\/uploads\/2017\/06\/Wappen-Martin-mit-Johanniterflagge-teaser.jpg\" alt=\"Wappen Martin mit Johanniterflagge teaser\" width=\"83\" height=\"104\" \/><\/a><\/td>\n<td><a href=\"http:\/\/armati-domini.at\/?page_id=86\">Tankred von Traunveld<\/a><\/td>\n<td><\/td>\n<td><a href=\"http:\/\/www.armati-domini.at\/?page_id=4498\" rel=\"attachment wp-att-4552\"><img loading=\"lazy\" decoding=\"async\" class=\"alignnone size-full wp-image-4552\" src=\"http:\/\/www.armati-domini.at\/wp-content\/uploads\/2017\/06\/Tankred-Junior-teaser.jpg\" alt=\"Tankred Junior teaser\" width=\"97\" height=\"95\" \/><\/a><\/td>\n<td><a href=\"http:\/\/www.armati-domini.at\/?page_id=4498\">Tankredinchen<\/a><\/td>\n<\/tr>\n<tr>\n<td><a href=\"http:\/\/armati-domini.at\/?page_id=428\"><img loading=\"lazy\" decoding=\"async\" class=\"size-full wp-image-675 alignleft\" src=\"http:\/\/armati-domini.at\/wp-content\/uploads\/AD Information\/Verein-Personen\/Mitglieder\/Gerold von Rubercrux\/Wappen-Rubercrux-black-teaser2.jpg\" alt=\"Wappen-Rubercrux-black-teaser2\" width=\"87\" height=\"114\" \/><\/a><\/td>\n<td><a href=\"http:\/\/armati-domini.at\/?page_id=428\">Gerold le Grand de Rubercrux<\/a><\/td>\n<td><\/td>\n<td><a href=\"http:\/\/armati-domini.at\/?page_id=4206\"><img loading=\"lazy\" decoding=\"async\" class=\"wp-image-4203 alignleft\" src=\"http:\/\/armati-domini.at\/wp-content\/uploads\/2016\/03\/Wappen-Heribert-v.-Heiligkreyz-Teaser.jpg\" alt=\"Wappen Heribert v. Heiligkreyz Teaser\" width=\"73\" height=\"103\" \/><\/a><\/td>\n<td><a href=\"http:\/\/armati-domini.at\/?page_id=4206\">Heribert von Heiligkreyz<\/a><\/td>\n<\/tr>\n<tr>\n<td><a href=\"http:\/\/www.armati-domini.at\/?page_id=4417\" rel=\"attachment wp-att-4416\"><img loading=\"lazy\" decoding=\"async\" class=\"alignnone size-full wp-image-4416\" src=\"http:\/\/www.armati-domini.at\/wp-content\/uploads\/2016\/10\/Wappen-Werner-colour-final-HP-sized.jpg\" alt=\"wappen-werner-colour-final-hp-sized\" width=\"86\" height=\"107\" \/><\/a><\/td>\n<td><a href=\"http:\/\/www.armati-domini.at\/?page_id=4417\">Werner von Weltenburg<\/a><\/td>\n<td><\/td>\n<td><a href=\"http:\/\/www.armati-domini.at\/?page_id=5049\"><img loading=\"lazy\" decoding=\"async\" class=\"alignnone size-full wp-image-5029\" src=\"http:\/\/www.armati-domini.at\/wp-content\/uploads\/2023\/03\/Wappen_RiVoRa_teaser.jpg\" alt=\"\" width=\"99\" height=\"108\" \/><\/a><\/td>\n<td><a href=\"http:\/\/www.armati-domini.at\/?page_id=5049\">Ricarda von Rabenhain<\/a><\/td>\n<\/tr>\n<tr>\n<td><a href=\"http:\/\/www.armati-domini.at\/?page_id=4707\" rel=\"attachment wp-att-4704\"><img loading=\"lazy\" decoding=\"async\" class=\"alignnone size-full wp-image-4704\" src=\"http:\/\/www.armati-domini.at\/wp-content\/uploads\/2018\/04\/R\u00f3is\u00edn-of-Raithneach-teaser.jpg\" alt=\"\" width=\"90\" height=\"117\" \/><\/a><\/td>\n<td><a href=\"http:\/\/www.armati-domini.at\/?page_id=4707\">R\u00f3is\u00edn of Raithneach<\/a><\/td>\n<td><\/td>\n<td><a href=\"http:\/\/www.armati-domini.at\/?page_id=4590\"><img loading=\"lazy\" decoding=\"async\" class=\"size-full wp-image-4488\" src=\"http:\/\/www.armati-domini.at\/wp-content\/uploads\/2016\/11\/Wappen-in-Arbeit-Platzhalter-scale.jpg\" alt=\"\" width=\"81\" height=\"102\" \/><\/a><\/td>\n<td>Bero<\/td>\n<\/tr>\n<tr>\n<td><a href=\"http:\/\/armati-domini.at\/?page_id=598\"><img loading=\"lazy\" decoding=\"async\" class=\"size-full wp-image-277 alignleft\" src=\"http:\/\/armati-domini.at\/wp-content\/uploads\/AD Information\/Verein-Personen\/Mitglieder\/Cristen Caf-Caempa\/wappen-christian-teaser.png\" alt=\"wappen christian teaser\" width=\"88\" height=\"111\" \/><\/a><\/td>\n<td><a href=\"http:\/\/armati-domini.at\/?page_id=598\">Cristen C\u00e1f-c\u00e6mpa<\/a><\/td>\n<td><\/td>\n<td><\/td>\n<td><\/td>\n<\/tr>\n<tr>\n<td><\/td>\n<td><\/td>\n<td><\/td>\n<td><\/td>\n<td><\/td>\n<\/tr>\n<tr>\n<td><\/td>\n<td><\/td>\n<td><\/td>\n<td><\/td>\n<td><\/td>\n<\/tr>\n<\/tbody>\n<\/table>\n<p><a href=\"http:\/\/armati-domini.at\/\"><br \/>\n&lt;&lt; zur\u00fcck<\/a><\/p>\n","protected":false},"excerpt":{"rendered":"<p>Georg der Graue Stephan von Stoumarsdorf Corinna von Creutzenstein Muireann Nic Mhathghamhna Norbert von Neydenstein Raffael von Rabenstein Philipp von Planchnstayn Florian von Falkenstein Tankred von Traunveld Tankredinchen Gerold le Grand de Rubercrux Heribert von Heiligkreyz Werner von Weltenburg Ricarda von Rabenhain R\u00f3is\u00edn of Raithneach Bero Cristen C\u00e1f-c\u00e6mpa &lt;&lt; zur\u00fcck<\/p>\n","protected":false},"author":1,"featured_media":0,"parent":13,"menu_order":2,"comment_status":"closed","ping_status":"closed","template":"","meta":{"footnotes":""},"class_list":["post-10","page","type-page","status-publish","hentry"],"_links":{"self":[{"href":"http:\/\/www.armati-domini.at\/index.php?rest_route=\/wp\/v2\/pages\/10","targetHints":{"allow":["GET"]}}],"collection":[{"href":"http:\/\/www.armati-domini.at\/index.php?rest_route=\/wp\/v2\/pages"}],"about":[{"href":"http:\/\/www.armati-domini.at\/index.php?rest_route=\/wp\/v2\/types\/page"}],"author":[{"embeddable":true,"href":"http:\/\/www.armati-domini.at\/index.php?rest_route=\/wp\/v2\/users\/1"}],"replies":[{"embeddable":true,"href":"http:\/\/www.armati-domini.at\/index.php?rest_route=%2Fwp%2Fv2%2Fcomments&post=10"}],"version-history":[{"count":213,"href":"http:\/\/www.armati-domini.at\/index.php?rest_route=\/wp\/v2\/pages\/10\/revisions"}],"predecessor-version":[{"id":5053,"href":"http:\/\/www.armati-domini.at\/index.php?rest_route=\/wp\/v2\/pages\/10\/revisions\/5053"}],"up":[{"embeddable":true,"href":"http:\/\/www.armati-domini.at\/index.php?rest_route=\/wp\/v2\/pages\/13"}],"wp:attachment":[{"href":"http:\/\/www.armati-domini.at\/index.php?rest_route=%2Fwp%2Fv2%2Fmedia&parent=10"}],"curies":[{"name":"wp","href":"https:\/\/api.w.org\/{rel}","templated":true}]}}