{"id":1666,"date":"2013-11-15T15:25:07","date_gmt":"2013-11-15T15:25:07","guid":{"rendered":"http:\/\/www.armati-domini.at\/?page_id=1666"},"modified":"2013-11-23T10:28:58","modified_gmt":"2013-11-23T10:28:58","slug":"varia-2","status":"publish","type":"page","link":"http:\/\/www.armati-domini.at\/?page_id=1666","title":{"rendered":"Varia"},"content":{"rendered":"<p><strong>Diverse Veanstaltungen:<\/strong><\/p>\n<p><a href=\"http:\/\/armati-domini.at\/?p=2370\">VIP Filmpremiere Merida 2012<\/a><\/p>\n<p><a href=\"http:\/\/armati-domini.at\/?p=1748\">Martiniumzug G\u00e4nserndorf 2011<\/a><\/p>\n<p><a href=\"http:\/\/armati-domini.at\/?p=2248\">Huscarl Preisverleihung Aggstein 2011<\/a><\/p>\n<p><a href=\"http:\/\/armati-domini.at\/?p=2102\">Schlo\u00df Albrechtsberg Kinderspielefest 2009<\/a><\/p>\n<p><a href=\"http:\/\/armati-domini.at\/?p=1672\">Schloss Albrechtsberg Vereinsfest 2009<\/a><\/p>\n<p><a href=\"http:\/\/armati-domini.at\/?p=1761\">MA Minopolis Day 2009<\/a><\/p>\n<p><a href=\"http:\/\/armati-domini.at\/?page_id=294\">&lt;&lt; zur\u00fcck<\/a><\/p>\n","protected":false},"excerpt":{"rendered":"<p>Diverse Veanstaltungen: VIP Filmpremiere Merida 2012 Martiniumzug G\u00e4nserndorf 2011 Huscarl Preisverleihung Aggstein 2011 Schlo\u00df Albrechtsberg Kinderspielefest 2009 Schloss Albrechtsberg Vereinsfest 2009 MA Minopolis Day 2009 &lt;&lt; zur\u00fcck<\/p>\n","protected":false},"author":4,"featured_media":0,"parent":294,"menu_order":0,"comment_status":"closed","ping_status":"closed","template":"","meta":{"footnotes":""},"class_list":["post-1666","page","type-page","status-publish","hentry"],"_links":{"self":[{"href":"http:\/\/www.armati-domini.at\/index.php?rest_route=\/wp\/v2\/pages\/1666","targetHints":{"allow":["GET"]}}],"collection":[{"href":"http:\/\/www.armati-domini.at\/index.php?rest_route=\/wp\/v2\/pages"}],"about":[{"href":"http:\/\/www.armati-domini.at\/index.php?rest_route=\/wp\/v2\/types\/page"}],"author":[{"embeddable":true,"href":"http:\/\/www.armati-domini.at\/index.php?rest_route=\/wp\/v2\/users\/4"}],"replies":[{"embeddable":true,"href":"http:\/\/www.armati-domini.at\/index.php?rest_route=%2Fwp%2Fv2%2Fcomments&post=1666"}],"version-history":[{"count":15,"href":"http:\/\/www.armati-domini.at\/index.php?rest_route=\/wp\/v2\/pages\/1666\/revisions"}],"predecessor-version":[{"id":2374,"href":"http:\/\/www.armati-domini.at\/index.php?rest_route=\/wp\/v2\/pages\/1666\/revisions\/2374"}],"up":[{"embeddable":true,"href":"http:\/\/www.armati-domini.at\/index.php?rest_route=\/wp\/v2\/pages\/294"}],"wp:attachment":[{"href":"http:\/\/www.armati-domini.at\/index.php?rest_route=%2Fwp%2Fv2%2Fmedia&parent=1666"}],"curies":[{"name":"wp","href":"https:\/\/api.w.org\/{rel}","templated":true}]}}