{"id":221,"date":"2013-02-21T10:37:39","date_gmt":"2013-02-21T10:37:39","guid":{"rendered":"http:\/\/www.armati-domini.at\/?page_id=221"},"modified":"2013-11-04T10:10:52","modified_gmt":"2013-11-04T10:10:52","slug":"de-bretagne","status":"publish","type":"page","link":"http:\/\/www.armati-domini.at\/?page_id=221","title":{"rendered":"de Bretagne"},"content":{"rendered":"<p>Ein seltsames Paar, diese Zwillinge.<\/p>\n<p><a href=\"http:\/\/armati-domini.at\/wp-content\/uploads\/AD Information\/Verein-Personen\/Mitglieder\/Muireann Nic Mhathghamhna\/Bernadette-AD-2.jpg\"><img loading=\"lazy\" decoding=\"async\" class=\"size-medium wp-image-361 alignleft\" alt=\"Bernadette AD 2\" src=\"http:\/\/armati-domini.at\/wp-content\/uploads\/AD Information\/Verein-Personen\/Mitglieder\/Muireann Nic Mhathghamhna\/Bernadette-AD-2-91x300.jpg\" width=\"91\" height=\"300\" srcset=\"http:\/\/www.armati-domini.at\/wp-content\/uploads\/AD%20Information\/Verein-Personen\/Mitglieder\/Muireann%20Nic%20Mhathghamhna\/Bernadette-AD-2-91x300.jpg 91w, http:\/\/www.armati-domini.at\/wp-content\/uploads\/AD%20Information\/Verein-Personen\/Mitglieder\/Muireann%20Nic%20Mhathghamhna\/Bernadette-AD-2.jpg 177w\" sizes=\"auto, (max-width: 91px) 100vw, 91px\" \/><\/a> Selten sah man <a href=\"http:\/\/armati-domini.at\/wp-content\/uploads\/AD Information\/Verein-Personen\/Mitglieder\/Muireann Nic Mhathghamhna\/Bernard-Teil-2.jpg\"><img loading=\"lazy\" decoding=\"async\" class=\"size-medium wp-image-362 alignright\" alt=\"Bernard Teil 2\" src=\"http:\/\/armati-domini.at\/wp-content\/uploads\/AD Information\/Verein-Personen\/Mitglieder\/Muireann Nic Mhathghamhna\/Bernard-Teil-2-163x300.jpg\" width=\"163\" height=\"300\" srcset=\"http:\/\/www.armati-domini.at\/wp-content\/uploads\/AD%20Information\/Verein-Personen\/Mitglieder\/Muireann%20Nic%20Mhathghamhna\/Bernard-Teil-2-163x300.jpg 163w, http:\/\/www.armati-domini.at\/wp-content\/uploads\/AD%20Information\/Verein-Personen\/Mitglieder\/Muireann%20Nic%20Mhathghamhna\/Bernard-Teil-2.jpg 267w\" sizes=\"auto, (max-width: 163px) 100vw, 163px\" \/><\/a>ein Geschwisterpaar von so unterschiedlichem Charakter. Bernadette ist (meistens) ein sanftes,\u00a0\u00a0geduldiges und friedliebendes Gesch\u00f6pf, w\u00e4hrend ihr Bruder f\u00fcr seinen J\u00e4hzorn und seine Kampfeswut weithin bekannt und gef\u00fcrchtet ist.<\/p>\n<p>Bernard de Bretagne schloss sich erst sp\u00e4t dem Johanniterorden an. \u00dcber seine Beweggr\u00fcnde oder \u00fcber seine genaue Herkunft ist wenig bekannt, au\u00dfer, da\u00df sein Vater L\u00e4ndereien in der Bretagne besitzt und gar b\u00f6se gegen die Franzosen zu Felde r\u00fcckt (wenn auch meistens nur verbal und in mehr weniger leicht eingeschr\u00e4nktem N\u00fcchternheitsgrad. Aber da ist er bekannterweise nicht der Einzige). Weiters wird gesagt, dass Bernard seiner Schwester gleichen soll wie ein Ei dem anderen. Das ist allerdings schwer nachzupr\u00fcfen, da er sein Gesicht stets verh\u00fcllt h\u00e4lt, was dem \u00fcblen Ger\u00fccht Nahrung verlieh, er sei an der Lepra erkrankt. Es mag aber sein, dass sich noch viel dunklere Geheimnisse hinter dieser Maskerade verbergen.<\/p>\n<p>Das seltsamste an den Beiden ist jedoch, dass sie niemals gleichzeitig an einem Ort gesehen wurden.<\/p>\n<p>In letzter Zeit mehren sich allerdings die Ger\u00fcchte, wonach Bernard in einem Gefecht\u00a0gefallen sein soll. Andere behaupten, dringende Gesch\u00e4fte h\u00e4tten ihn pl\u00f6tzlich zur\u00fcck auf die L\u00e4ndereien seines Vaters gerufen. Wieder andere sagen, er habe, angewidert von dem Verhalten mancher seiner waffenf\u00fchrenden Ordensbr\u00fcder, dem Leben als Krieger entsagt und sich in die Stille eines abgelegenen Klosters zur\u00fcckgezogen. Das eine oder andere dieser Ger\u00fcchte k\u00f6nnte durchaus den Tatsachen entsprechen, da er den Feldlagern seiner Einheit schon l\u00e4ngere Zeit ferngeblieben ist.<\/p>\n<p>Wenn seiner Schwester die Wahrheit bekannt ist, so verr\u00e4t sie sie jedenfalls nicht. Und so wei\u00df niemand, ob Bernard de Bretagne jemals wieder sein Schwert im Kampfe erheben wird bzw. zu erheben gedenkt.<\/p>\n<p>&nbsp;<\/p>\n<pre>Fotos W. Ettl, E. Eidler-Kraft<\/pre>\n<p><a href=\"http:\/\/armati-domini.at\/?page_id=76\">zur\u00fcck<\/a><\/p>\n","protected":false},"excerpt":{"rendered":"<p>Ein seltsames Paar, diese Zwillinge. Selten sah man ein Geschwisterpaar von so unterschiedlichem Charakter. Bernadette ist (meistens) ein sanftes,\u00a0\u00a0geduldiges und friedliebendes Gesch\u00f6pf, w\u00e4hrend ihr Bruder f\u00fcr seinen J\u00e4hzorn und seine Kampfeswut weithin bekannt und gef\u00fcrchtet ist. Bernard de Bretagne schloss sich erst sp\u00e4t dem Johanniterorden an. \u00dcber seine Beweggr\u00fcnde oder \u00fcber seine genaue Herkunft ist [&hellip;]<\/p>\n","protected":false},"author":1,"featured_media":0,"parent":76,"menu_order":0,"comment_status":"closed","ping_status":"closed","template":"","meta":{"footnotes":""},"class_list":["post-221","page","type-page","status-publish","hentry"],"_links":{"self":[{"href":"http:\/\/www.armati-domini.at\/index.php?rest_route=\/wp\/v2\/pages\/221","targetHints":{"allow":["GET"]}}],"collection":[{"href":"http:\/\/www.armati-domini.at\/index.php?rest_route=\/wp\/v2\/pages"}],"about":[{"href":"http:\/\/www.armati-domini.at\/index.php?rest_route=\/wp\/v2\/types\/page"}],"author":[{"embeddable":true,"href":"http:\/\/www.armati-domini.at\/index.php?rest_route=\/wp\/v2\/users\/1"}],"replies":[{"embeddable":true,"href":"http:\/\/www.armati-domini.at\/index.php?rest_route=%2Fwp%2Fv2%2Fcomments&post=221"}],"version-history":[{"count":8,"href":"http:\/\/www.armati-domini.at\/index.php?rest_route=\/wp\/v2\/pages\/221\/revisions"}],"predecessor-version":[{"id":900,"href":"http:\/\/www.armati-domini.at\/index.php?rest_route=\/wp\/v2\/pages\/221\/revisions\/900"}],"up":[{"embeddable":true,"href":"http:\/\/www.armati-domini.at\/index.php?rest_route=\/wp\/v2\/pages\/76"}],"wp:attachment":[{"href":"http:\/\/www.armati-domini.at\/index.php?rest_route=%2Fwp%2Fv2%2Fmedia&parent=221"}],"curies":[{"name":"wp","href":"https:\/\/api.w.org\/{rel}","templated":true}]}}