{"id":224,"date":"2013-02-21T10:38:30","date_gmt":"2013-02-21T10:38:30","guid":{"rendered":"http:\/\/www.armati-domini.at\/?page_id=224"},"modified":"2018-02-23T13:59:01","modified_gmt":"2018-02-23T12:59:01","slug":"na-mathghamhainigh","status":"publish","type":"page","link":"http:\/\/www.armati-domini.at\/?page_id=224","title":{"rendered":"Na Mathghamhnaigh"},"content":{"rendered":"<p>Wir schreiben das Jahr 1300. <a href=\"http:\/\/www.armati-domini.at\/?attachment_id=4626\" rel=\"attachment wp-att-4626\"><img loading=\"lazy\" decoding=\"async\" class=\"wp-image-4626 alignright\" src=\"http:\/\/www.armati-domini.at\/wp-content\/uploads\/2018\/02\/MaelMhuire-new-2.jpg\" alt=\"\" width=\"216\" height=\"282\" srcset=\"http:\/\/www.armati-domini.at\/wp-content\/uploads\/2018\/02\/MaelMhuire-new-2.jpg 486w, http:\/\/www.armati-domini.at\/wp-content\/uploads\/2018\/02\/MaelMhuire-new-2-230x300.jpg 230w\" sizes=\"auto, (max-width: 216px) 100vw, 216px\" \/><\/a><\/p>\n<p><a href=\"http:\/\/armati-domini.at\/wp-content\/uploads\/AD Information\/Verein-Personen\/Mitglieder\/Muireann Nic Mhathghamhna\/muireannbernadette-black.jpg\"><img loading=\"lazy\" decoding=\"async\" class=\"size-medium wp-image-363 alignleft\" src=\"http:\/\/armati-domini.at\/wp-content\/uploads\/AD Information\/Verein-Personen\/Mitglieder\/Muireann Nic Mhathghamhna\/muireannbernadette-black-131x300.jpg\" alt=\"muireannbernadette black\" width=\"131\" height=\"300\" srcset=\"http:\/\/www.armati-domini.at\/wp-content\/uploads\/AD%20Information\/Verein-Personen\/Mitglieder\/Muireann%20Nic%20Mhathghamhna\/muireannbernadette-black-131x300.jpg 131w, http:\/\/www.armati-domini.at\/wp-content\/uploads\/AD%20Information\/Verein-Personen\/Mitglieder\/Muireann%20Nic%20Mhathghamhna\/muireannbernadette-black.jpg 367w\" sizes=\"auto, (max-width: 131px) 100vw, 131px\" \/><\/a>F\u00fcnf Jahre nach der schicksalhaften Schlacht von Down wurden Ma\u00e9l Mhuire Mac M\u00e1nais Mhic Mhathghamhna und seine Schwester Muireann Nic Mhathghamhna im Jahre 1265 in der Baronie Cr\u00edoch Mh\u00faghdhorn [1], genaugesagt in deren nordwestlichsten Zipfel Tigh Th\u00e1lain [2], im Gebiet der ehemaligen Konf\u00f6deration Airgh\u00edalla [3],\u00a0geboren, in die Sp\u00e4tzeit der \u00d3 hAnluain Vorherrschaft und in die engere Familie des Eochaid Mac Mathghamhna, K\u00f6nig von Airgh\u00edalla. Als jener durch die Hand der Anluanaigh und der Cen\u00e9l nE\u00f3ghain 1273 ums Leben kam, floh die Familie mit den beiden Kindern nach Louth, wo sie vor\u00fcbergehend unter dem Schutz der Familie Pipard stand. W\u00e4hrend der Herrschaft des Brian Mac Eochadha Mhic Mhathghamhna kam Ma\u00e9l Mhuire um 1285 im Zuge eines Aufenthalts in An Tulaigh, Co. Cill Dara [4]\u00a0in Kontakt mit dem Johanniterorden dort, dem er sich, dank seiner guten Verbindungen zur Pipard Familie, im Jahre 1290 auch als Sergeantenbruder anschlie\u00dfen durfte. Seine Schwester tat es ihm gleich, da ihr ein Leben als Ordensschwester allemal ertr\u00e4glicher erschien, als in die Heiratsstrategien ihrer Familie verwickelt zu werden. Das gute Verh\u00e4ltnis zu den Pipards hat sich im Laufe des letzten Jahrzehnts allerdings zusehends verschlechtert, wobei die\u00a0 Ermordung von Aonghus Mac Mathghamhna und C\u00fa-Uladh \u00d3 hAnluain durch Engl\u00e4nder aus Dundalk 1297 auch nicht gerade hilfreich war.<\/p>\n<p>Zur Zeit ist Ma\u00e9l Mhuire mit einer Gruppe Johanniter auf dem Weg nach Limassol, um sich seinen aus Akkon entkommenen Br\u00fcdern anzuschlie\u00dfen; unter den Reisenden befindet sich auch Muireann, die zuvor im Hospital des Gro\u00dfpriorats Cill Mhaighneann [5], Dublin, ihrer (administrativen) T\u00e4tigkeit nachging.<\/p>\n<p>_______________________________<\/p>\n<p>[1]: engl. Cremorne, heute Co. Muineach\u00e1n\/Monaghan<\/p>\n<p>[2]: engl. Tehallan, heute ein Pfarrbezirk in Co. Monaghan. Im Jahr 1302 belegt als Thechtalbi (<i>papal taxation<\/i>, 212, Limerick), davor als \u201c[i] Tig Thalan\u201d (in <i>Betha Phatraic<\/i>, ca. 900; cf. <a href=\"http:\/\/www.logainm.ie\">www.logainm.ie<\/a>\u00a0und Hogan [1993]: 626)<\/p>\n<p>[3]: engl. Oriel<\/p>\n<p>[4]: engl. Tully, Co. Cill Dara\/Kildare. Heute ist nur noch eine Ruine vorhanden, die <i>Black Abbey<\/i> (Corrigan 2006)<\/p>\n<p>[5]: engl. Kilmainham<\/p>\n<p>______________________________<\/p>\n<h4><a href=\"http:\/\/armati-domini.at\/?page_id=391\">Anmerkungen<\/a><\/h4>\n<h4><a title=\"Literatur Mathghamhna\" href=\"http:\/\/armati-domini.at\/?page_id=313\">Literatur<\/a><\/h4>\n<h4><a title=\"Zeittafel na Mathghamhnaigh\" href=\"http:\/\/armati-domini.at\/?page_id=318\">Zeittafel<\/a><\/h4>\n<p><a href=\"http:\/\/armati-domini.at\/?page_id=76\">zur\u00fcck<\/a><\/p>\n<p>&nbsp;<\/p>\n<pre>Fotos W. Ettl, A. Schabetsberger (Huscarl)<\/pre>\n","protected":false},"excerpt":{"rendered":"<p>Wir schreiben das Jahr 1300. F\u00fcnf Jahre nach der schicksalhaften Schlacht von Down wurden Ma\u00e9l Mhuire Mac M\u00e1nais Mhic Mhathghamhna und seine Schwester Muireann Nic Mhathghamhna im Jahre 1265 in der Baronie Cr\u00edoch Mh\u00faghdhorn [1], genaugesagt in deren nordwestlichsten Zipfel Tigh Th\u00e1lain [2], im Gebiet der ehemaligen Konf\u00f6deration Airgh\u00edalla [3],\u00a0geboren, in die Sp\u00e4tzeit der \u00d3 [&hellip;]<\/p>\n","protected":false},"author":1,"featured_media":0,"parent":76,"menu_order":0,"comment_status":"closed","ping_status":"closed","template":"","meta":{"footnotes":""},"class_list":["post-224","page","type-page","status-publish","hentry"],"_links":{"self":[{"href":"http:\/\/www.armati-domini.at\/index.php?rest_route=\/wp\/v2\/pages\/224","targetHints":{"allow":["GET"]}}],"collection":[{"href":"http:\/\/www.armati-domini.at\/index.php?rest_route=\/wp\/v2\/pages"}],"about":[{"href":"http:\/\/www.armati-domini.at\/index.php?rest_route=\/wp\/v2\/types\/page"}],"author":[{"embeddable":true,"href":"http:\/\/www.armati-domini.at\/index.php?rest_route=\/wp\/v2\/users\/1"}],"replies":[{"embeddable":true,"href":"http:\/\/www.armati-domini.at\/index.php?rest_route=%2Fwp%2Fv2%2Fcomments&post=224"}],"version-history":[{"count":16,"href":"http:\/\/www.armati-domini.at\/index.php?rest_route=\/wp\/v2\/pages\/224\/revisions"}],"predecessor-version":[{"id":4628,"href":"http:\/\/www.armati-domini.at\/index.php?rest_route=\/wp\/v2\/pages\/224\/revisions\/4628"}],"up":[{"embeddable":true,"href":"http:\/\/www.armati-domini.at\/index.php?rest_route=\/wp\/v2\/pages\/76"}],"wp:attachment":[{"href":"http:\/\/www.armati-domini.at\/index.php?rest_route=%2Fwp%2Fv2%2Fmedia&parent=224"}],"curies":[{"name":"wp","href":"https:\/\/api.w.org\/{rel}","templated":true}]}}