{"id":230,"date":"2013-02-21T16:55:41","date_gmt":"2013-02-21T16:55:41","guid":{"rendered":"http:\/\/www.armati-domini.at\/?page_id=230"},"modified":"2019-04-09T13:31:58","modified_gmt":"2019-04-09T11:31:58","slug":"background-culra","status":"publish","type":"page","link":"http:\/\/www.armati-domini.at\/?page_id=230","title":{"rendered":"Background &#8211; c\u00falra"},"content":{"rendered":"<p><b>Zur\u00fcck in die Neuzeit.<\/b><\/p>\n<p><b>Mein eigentlicher Name ist Theres (und nein, nicht de Bretagne), und au\u00dfer einem gediegenen Faible f\u00fcr Irisch-G\u00e4lisch (gr\u00e1 geal mo chro\u00ed!) hege ich noch besondere Begeisterung f\u00fcr das bl\u00f6deste Viehzeug auf Gottes gr\u00fcner Erde (M\u00e4\u00e4h).<\/b> An f\u00edor-ainm at\u00e1 ormsa n\u00e1 Theres (agus n\u00ed de Bretagne at\u00e1 i gceist!), agus taobh amuigh de dh\u00fail mh\u00f3r i nGaeilge na h\u00c9ireann (love of my life!), t\u00e1 m\u00e9 iontach cean\u00fail ar na hainmhithe is amaid\u00ed an domhain mh\u00f3ir (me\u00e1\u00e1).<\/p>\n<p><a href=\"http:\/\/armati-domini.at\/wp-content\/uploads\/AD Information\/Verein-Personen\/Mitglieder\/Muireann Nic Mhathghamhna\/Theres-mit-Schaf-Teil-2.jpg\"><img loading=\"lazy\" decoding=\"async\" class=\"alignnone size-medium wp-image-244\" src=\"http:\/\/armati-domini.at\/wp-content\/uploads\/AD Information\/Verein-Personen\/Mitglieder\/Muireann Nic Mhathghamhna\/Theres-mit-Schaf-Teil-2-300x297.jpg\" alt=\"Theres mit Schaf Teil 2\" width=\"300\" height=\"297\" srcset=\"http:\/\/www.armati-domini.at\/wp-content\/uploads\/AD%20Information\/Verein-Personen\/Mitglieder\/Muireann%20Nic%20Mhathghamhna\/Theres-mit-Schaf-Teil-2-300x297.jpg 300w, http:\/\/www.armati-domini.at\/wp-content\/uploads\/AD%20Information\/Verein-Personen\/Mitglieder\/Muireann%20Nic%20Mhathghamhna\/Theres-mit-Schaf-Teil-2-150x150.jpg 150w, http:\/\/www.armati-domini.at\/wp-content\/uploads\/AD%20Information\/Verein-Personen\/Mitglieder\/Muireann%20Nic%20Mhathghamhna\/Theres-mit-Schaf-Teil-2.jpg 407w\" sizes=\"auto, (max-width: 300px) 100vw, 300px\" \/><\/a><\/p>\n<p><b>Das Foto stammt \u00fcbrigens nicht aus Irland, sondern vom NHM in Wien, und das Schaf war au\u00dferdem ausgestopft (schade, irgendwie!). <\/b>N\u00ed dhearnadh an grianghraf seo in \u00c9irinn, \u00e1fach, ach in iarsmalann eolas n\u00e1d\u00fair i V\u00edn, agus ba stu\u00e1ilte \u00ed an chaora (nach m\u00f3r an trua \u00e9!).<\/p>\n<p><b>Ein Wort zur Erkl\u00e4rung der Namen: als Ziehmutter bzw. Ziehtante zweier \u00e4u\u00dferst umtriebiger (Pl\u00fcsch-)B\u00e4ren namens Math\u00fain MacAirt und Mr. B. wollte ich den &#8222;B\u00e4ren&#8220; irgendwo in meinen Alias verbraten. Artomara hat sich angeboten (bei einer Gr\u00f6\u00dfe von 1,86m bleibt einem auch nicht viel anderes \u00fcbrig), aber mit dem Mittelaltercharakter war es schon ein bi\u00dfchen schwieriger. Deshalb also Bernadette\/Bernard. Ich kann zwar nur ein paar Brocken Bretonisch, aber die Alternative w\u00e4re Helene von Hib\u00e4rnia gewesen, und das war sogar mir eine Spur zu albern&#8230; Inzwischen hat sich Irisch dann doch durchgesetzt, und so entstanden Ma\u00e9l Mhuire Mac Mathghamhna und sein lieb Schwesterlein Muireann Nic Mhathghamhna &#8211; und dieses Mal auch einigerma\u00dfen vern\u00fcnftig recherchiert! <\/b>C\u00fapla focal \u00f3 thaobh na hainmneacha de: agus mise im&#8216; mhuime do dh\u00e1 bh\u00e9ar (br\u00e9ige) iontach acla\u00ed darb ainm Math\u00fain MacAirt agus Mister B., ba mhian liom an &#8222;b\u00e9ar&#8220; a chuimsi\u00fa i mo chuid ainmneacha br\u00e9ige ar chaoi \u00e9igin. Bh\u00ed &#8222;Artomara&#8220; ina rogha loighci\u00fail, ar nd\u00f3igh (n\u00ed bh\u00edonn a l\u00e1n rogha agam agus mise 1,86m ar airde!), ach bh\u00ed rud cin\u00e9al n\u00edos deacra iad na hainmneacha me\u00e1n-aoiseacha. D\u00e1 bhr\u00ed sin: Bernadette\/Bernard. N\u00edl ach c\u00fapla focal na Briot\u00e1inise agam, ach ba i bhfad n\u00edos \u00e1if\u00e9is\u00ed \u00ed an dara rogha, .i. Helene von Hib\u00e9arnia&#8230; go fi\u00fa dar liomsa&#8230; Idir an d\u00e1 linn, bh\u00ed l\u00e1mh in uachtar ag an Ghaeilge, agus mar sin, th\u00e1inig Maolmhuire MacMath\u00fana agus a dheirfi\u00far dh\u00edlis, Muireann Nic Mhath\u00fana, i l\u00e1thair &#8211; agus an t-am seo, t\u00e1 taighde ceart cr\u00edochn\u00fail d\u00e9anta agam fosta!<\/p>\n<p>\u2193 Wappentiere\/ainmhithe armais \u2193<\/p>\n<p><a href=\"http:\/\/armati-domini.at\/wp-content\/uploads\/AD Information\/Verein-Personen\/Mitglieder\/Muireann Nic Mhathghamhna\/bears-in-black.jpg\"><img loading=\"lazy\" decoding=\"async\" class=\"alignnone size-medium wp-image-252\" src=\"http:\/\/armati-domini.at\/wp-content\/uploads\/AD Information\/Verein-Personen\/Mitglieder\/Muireann Nic Mhathghamhna\/bears-in-black-300x169.jpg\" alt=\"DIGITAL CAMERA\" width=\"300\" height=\"169\" srcset=\"http:\/\/www.armati-domini.at\/wp-content\/uploads\/AD%20Information\/Verein-Personen\/Mitglieder\/Muireann%20Nic%20Mhathghamhna\/bears-in-black-300x169.jpg 300w, http:\/\/www.armati-domini.at\/wp-content\/uploads\/AD%20Information\/Verein-Personen\/Mitglieder\/Muireann%20Nic%20Mhathghamhna\/bears-in-black.jpg 330w\" sizes=\"auto, (max-width: 300px) 100vw, 300px\" \/><\/a><\/p>\n<pre>Fotos: D. Stifter, B. Ill\u00e9s<\/pre>\n<p><a href=\"http:\/\/armati-domini.at\/?page_id=76\">zur\u00fcck-ar ais<\/a><\/p>\n","protected":false},"excerpt":{"rendered":"<p>Zur\u00fcck in die Neuzeit. Mein eigentlicher Name ist Theres (und nein, nicht de Bretagne), und au\u00dfer einem gediegenen Faible f\u00fcr Irisch-G\u00e4lisch (gr\u00e1 geal mo chro\u00ed!) hege ich noch besondere Begeisterung f\u00fcr das bl\u00f6deste Viehzeug auf Gottes gr\u00fcner Erde (M\u00e4\u00e4h). An f\u00edor-ainm at\u00e1 ormsa n\u00e1 Theres (agus n\u00ed de Bretagne at\u00e1 i gceist!), agus taobh amuigh [&hellip;]<\/p>\n","protected":false},"author":1,"featured_media":0,"parent":76,"menu_order":0,"comment_status":"closed","ping_status":"closed","template":"","meta":{"footnotes":""},"class_list":["post-230","page","type-page","status-publish","hentry"],"_links":{"self":[{"href":"http:\/\/www.armati-domini.at\/index.php?rest_route=\/wp\/v2\/pages\/230","targetHints":{"allow":["GET"]}}],"collection":[{"href":"http:\/\/www.armati-domini.at\/index.php?rest_route=\/wp\/v2\/pages"}],"about":[{"href":"http:\/\/www.armati-domini.at\/index.php?rest_route=\/wp\/v2\/types\/page"}],"author":[{"embeddable":true,"href":"http:\/\/www.armati-domini.at\/index.php?rest_route=\/wp\/v2\/users\/1"}],"replies":[{"embeddable":true,"href":"http:\/\/www.armati-domini.at\/index.php?rest_route=%2Fwp%2Fv2%2Fcomments&post=230"}],"version-history":[{"count":20,"href":"http:\/\/www.armati-domini.at\/index.php?rest_route=\/wp\/v2\/pages\/230\/revisions"}],"predecessor-version":[{"id":4925,"href":"http:\/\/www.armati-domini.at\/index.php?rest_route=\/wp\/v2\/pages\/230\/revisions\/4925"}],"up":[{"embeddable":true,"href":"http:\/\/www.armati-domini.at\/index.php?rest_route=\/wp\/v2\/pages\/76"}],"wp:attachment":[{"href":"http:\/\/www.armati-domini.at\/index.php?rest_route=%2Fwp%2Fv2%2Fmedia&parent=230"}],"curies":[{"name":"wp","href":"https:\/\/api.w.org\/{rel}","templated":true}]}}