{"id":318,"date":"2013-03-14T16:48:19","date_gmt":"2013-03-14T16:48:19","guid":{"rendered":"http:\/\/www.armati-domini.at\/?page_id=318"},"modified":"2016-08-29T12:52:29","modified_gmt":"2016-08-29T10:52:29","slug":"zeittafel-zu-na-mathghamhnaigh","status":"publish","type":"page","link":"http:\/\/www.armati-domini.at\/?page_id=318","title":{"rendered":"Zeittafel zu na Mathghamhnaigh"},"content":{"rendered":"<p><strong>Kurze Zeittafel zu den Mic Mhathghamhna und den Johannitern in Irland (real):<\/strong><\/p>\n<p>1172: Knights Hospitaller\u00a0etablieren sich\u00a0in Wexford<\/p>\n<p>1174: Gro\u00dfpriorei Kilmainham gegr\u00fcndet von Strongbow, Richard de Clare, Earl of Pembroke<\/p>\n<p>1212: Papst Innozenz III best\u00e4tigt 129 Besitzungen in Irland, darunter m\u00f6glicherweise bereits Tully, Co. Kildare<\/p>\n<p>1219: Um diese Zeit wurde wahrscheinlich das Ordenshaus in Tully gegr\u00fcndet, vermutlich als eine Verteidigungsanlage gegen die O\u2019Connor Galighe und die O\u2019Dempseys of Glanmalire<\/p>\n<p>1220: Maurice FitzGerald, zweiter Baron von Offaly gr\u00fcndet das Hospiz\/Kaserne Kilteel, Co. Kildare als Verteidigungsanlage gegen die O\u2019Tooles und O\u2019Byrnes aus Co. Wicklow<\/p>\n<p>1245: Tod des letzten m\u00e4nnlichen Nachkommen der Marshall-Familie, Walter; Co. Kildare geht an seine Tochter Sybil de Ferrers, bzw. an deren 7 T\u00f6chter<\/p>\n<p>?1250: Eochaidh Mac Mathghamhna ist der erste formell anerkannte Mac Mathghamhna K\u00f6nig von Airgh\u00edalla\/Oriel<\/p>\n<p>&#8212;&#8212;&#8212;&#8212;&#8212;&#8212;&#8212;&#8212;&#8212;&#8212;&#8212;&#8212;&#8212;&#8212;&#8212;&#8212;&#8211;<\/p>\n<p>1260: Battle of Down<\/p>\n<p>1261: Jacques Pantal\u00e9on wird Papst Urban IV<\/p>\n<p>1261: Ma\u00e9l P\u00e1traic \u00d3 Scannail wird Erzbischof von Armagh<\/p>\n<p>1264: Eochaidh Mac Mathghamhna widersetzt sich erfolgreich dem Thronanspruch des\u00a0\u00c1edh Buidhe\u00a0Ua N\u00e9ill<\/p>\n<p>1265: Guy Foucois wird Papst Clemens IV<\/p>\n<p>1268: Michael Mac a&#8217;tSa\u00edr wird Bischof von Clogher<\/p>\n<p>1270: Nach dem Tod von Margaret, Witwe von Walter Marshall geht Kildare an eine der T\u00f6chter von Sybil de Ferrers, Agnes de Vesci, und nach ihrem Tod an Sohn William; Nicol Mac M\u00e1el \u00cdsu wird Erzbischof von Armagh<\/p>\n<p>1271: Teobaldo Visconti wird Papst Gregor X<\/p>\n<p>1272: Edward I wird K\u00f6nig von England<\/p>\n<p>1272\/3?:\u00a0K\u00f6nig Eochaidh Mac Mathghamhna wird von Eachmharcach Ua hAnluain und \u00c1edh Buidhe Ua N\u00e9ill von der Cen\u00e9l nE\u00f3ghain ermordet, Nachfolger ist sein Sohn Roalbh<\/p>\n<p>1276-81: Pierre de Tarantaise wird Papst Innozenz V, gefolgt von Ottobono Fieschi (Hadrian V) und Petrus Juliani (Johannes XXI); danach Giovanni Gaetano Orsini (Nikolaus III) und Simon de Brion (Martin IV)<\/p>\n<p>1283?: \u00c1edh Buidhe Ua N\u00e9ill wird von Brian Mac Mathghamhna und einem nicht n\u00e4her bekannten Ua Raghallaigh ermordet<\/p>\n<p>1284: Brian mac Eochadha Meic Mhathghamhna ist Chief der Monaghan sept<\/p>\n<p>1284-94?: Ralph Pipard best\u00e4tigt Aonghus Mac Mathghamhna\u00a0die Herrschaft \u00fcber die Baronie Cremorne, vorausgesetzt, er erkennt die Oberhoheit des Eachmharcach \u00d3 hAnluain an, verhindert, dass Gilla Chua Mac Mathghamhna<\/p>\n<p>das Land nutzt, und verteidigt Pipards Siedler dort<\/p>\n<p>1285: Giacomo Savelli wird Papst Honorius IV<\/p>\n<p>1287: Matthaeus Mac Cathasaig I wird Bischof von Clogher<\/p>\n<p>1288: Girolamo Masci wird Papst Nikolaus IV<\/p>\n<p>1290: William de Vesci kommt als Justitiar nach Irland. Geoffry de Siwaldeby ist Meister im Ordenshaus zu Tully; ?Eachmharcach O hAnluain stirbt<\/p>\n<p>1294: Pietro del Murrone wird Papst Coelestin V, gefolgt von Benedetto Caetani (Bonifaz VIII)<\/p>\n<p>1297: William de Vesci \u00fcbergibt Kildare an die Krone, stirbt in dem selben Jahr. Mathghamhain mac Gilla Chua mac Mathghamhna ist Herr von Cremorne. C\u00fa-Uladh\u00a0\u00d3 hAnluain und Aonghus Mac Mathghamhna und einige aus ihrem Gefolge werden von Engl\u00e4ndern aus Dundalk ermordet.<\/p>\n<p>1300: ganz Monaghan unter der Herrschaft der Mic Mhathghamhna<\/p>\n<p>1303: Michael Mac Lochlainn wird Erzbischof von Armagh; Nikolaus Boccasini wird Papst Benedikt XI<\/p>\n<p>1306: Gilla P\u00e1traic Mac Mathghamhna ist chief der Monaghan sept<\/p>\n<p>1307: Edward II wird K\u00f6nig von England<\/p>\n<p>1310: Henricus wird Bischof von Clogher<\/p>\n<p>&nbsp;<\/p>\n<p><strong>Einige\u00a0Johanniter\/Templer Abteien in Irland: <\/strong><\/p>\n<p><strong>CARLOW<\/strong>:<\/p>\n<p>Dunleckney Preceptory (Templar)<\/p>\n<p>Killerig Preceptory (Templar &gt; Hospitaller)<\/p>\n<p>Tullow Abbey (Hospitaller)<\/p>\n<p><strong>CORK<\/strong>:<\/p>\n<p>Cork Preceptory (Templar)<\/p>\n<p>Monanimy Preceptory (Templar)<\/p>\n<p>Mourne Abbey (Templar)<\/p>\n<p><strong>DUBLIN<\/strong>:<\/p>\n<p>Clontarf Preceptory (Templar &gt; Hospitaller)<\/p>\n<p>Kilmainham Grand Priory (Hopsitaller)<\/p>\n<p><strong>KILDARE<\/strong>:<\/p>\n<p>Black Abbey, Tully (Hospitaller)<\/p>\n<p>Kilteel Preceptory (Hospitaller)<\/p>\n<p>Killybeggs? (Hospitaller)<\/p>\n<p>Templemore Abbey (Templar)<\/p>\n<p><strong>WATERFORD<\/strong>:<\/p>\n<p>Rincrew Abbey (Templar)<\/p>\n<p><strong>WEXFORD<\/strong>:<\/p>\n<p>Ballyhack Preceptory (Templar)<\/p>\n<p>&nbsp;<\/p>\n<p>Zeittafel &#8211; <a href=\"http:\/\/www.armati-domini.at\/?page_id=391\">Anmerkungen<\/a> &#8211; <a href=\"http:\/\/www.armati-domini.at\/?page_id=313\">Literatur<\/a>\u00a0&#8211; <a href=\"http:\/\/armati-domini.at\/?page_id=224\">zur\u00fcck<\/a><\/p>\n","protected":false},"excerpt":{"rendered":"<p>Kurze Zeittafel zu den Mic Mhathghamhna und den Johannitern in Irland (real): 1172: Knights Hospitaller\u00a0etablieren sich\u00a0in Wexford 1174: Gro\u00dfpriorei Kilmainham gegr\u00fcndet von Strongbow, Richard de Clare, Earl of Pembroke 1212: Papst Innozenz III best\u00e4tigt 129 Besitzungen in Irland, darunter m\u00f6glicherweise bereits Tully, Co. Kildare 1219: Um diese Zeit wurde wahrscheinlich das Ordenshaus in Tully gegr\u00fcndet, [&hellip;]<\/p>\n","protected":false},"author":1,"featured_media":0,"parent":224,"menu_order":0,"comment_status":"closed","ping_status":"closed","template":"","meta":{"footnotes":""},"class_list":["post-318","page","type-page","status-publish","hentry"],"_links":{"self":[{"href":"http:\/\/www.armati-domini.at\/index.php?rest_route=\/wp\/v2\/pages\/318","targetHints":{"allow":["GET"]}}],"collection":[{"href":"http:\/\/www.armati-domini.at\/index.php?rest_route=\/wp\/v2\/pages"}],"about":[{"href":"http:\/\/www.armati-domini.at\/index.php?rest_route=\/wp\/v2\/types\/page"}],"author":[{"embeddable":true,"href":"http:\/\/www.armati-domini.at\/index.php?rest_route=\/wp\/v2\/users\/1"}],"replies":[{"embeddable":true,"href":"http:\/\/www.armati-domini.at\/index.php?rest_route=%2Fwp%2Fv2%2Fcomments&post=318"}],"version-history":[{"count":9,"href":"http:\/\/www.armati-domini.at\/index.php?rest_route=\/wp\/v2\/pages\/318\/revisions"}],"predecessor-version":[{"id":4404,"href":"http:\/\/www.armati-domini.at\/index.php?rest_route=\/wp\/v2\/pages\/318\/revisions\/4404"}],"up":[{"embeddable":true,"href":"http:\/\/www.armati-domini.at\/index.php?rest_route=\/wp\/v2\/pages\/224"}],"wp:attachment":[{"href":"http:\/\/www.armati-domini.at\/index.php?rest_route=%2Fwp%2Fv2%2Fmedia&parent=318"}],"curies":[{"name":"wp","href":"https:\/\/api.w.org\/{rel}","templated":true}]}}