{"id":391,"date":"2013-10-01T11:01:57","date_gmt":"2013-10-01T11:01:57","guid":{"rendered":"http:\/\/www.armati-domini.at\/?page_id=391"},"modified":"2016-08-29T11:28:23","modified_gmt":"2016-08-29T09:28:23","slug":"anmerkungen","status":"publish","type":"page","link":"http:\/\/www.armati-domini.at\/?page_id=391","title":{"rendered":"Anmerkungen zu na Mathghamhnaigh"},"content":{"rendered":"<p>&nbsp;<\/p>\n<div id=\"attachment_369\" style=\"width: 241px\" class=\"wp-caption alignleft\"><a href=\"http:\/\/armati-domini.at\/wp-content\/uploads\/AD Information\/Verein-Personen\/Mitglieder\/Muireann Nic Mhathghamhna\/HP-mcmahon-thomond-wappen-1.jpg\"><img loading=\"lazy\" decoding=\"async\" aria-describedby=\"caption-attachment-369\" class=\"size-medium wp-image-369 \" src=\"http:\/\/armati-domini.at\/wp-content\/uploads\/AD Information\/Verein-Personen\/Mitglieder\/Muireann Nic Mhathghamhna\/HP-mcmahon-thomond-wappen-1-231x300.jpg\" alt=\"HP mcmahon-thomond wappen 1\" width=\"231\" height=\"300\" srcset=\"http:\/\/www.armati-domini.at\/wp-content\/uploads\/AD%20Information\/Verein-Personen\/Mitglieder\/Muireann%20Nic%20Mhathghamhna\/HP-mcmahon-thomond-wappen-1-231x300.jpg 231w, http:\/\/www.armati-domini.at\/wp-content\/uploads\/AD%20Information\/Verein-Personen\/Mitglieder\/Muireann%20Nic%20Mhathghamhna\/HP-mcmahon-thomond-wappen-1.jpg 313w\" sizes=\"auto, (max-width: 231px) 100vw, 231px\" \/><\/a><p id=\"caption-attachment-369\" class=\"wp-caption-text\">McMahon of Thomond<\/p><\/div>\n<p><strong>DIE NAMEN. <\/strong>Die irische Orthographie des Hochmittelalters (zur Differenzierung der Sprachstufen cf. Breatnach 1994: 221-2) war, \u00e4hnlich wie etwa die Orthographie des Mittelenglischen, alles andere als einheitlich. Dazu kommt noch, dass nicht alle, die irisches Sprachgut niederschrieben, der Sprache auch wirklich m\u00e4chtig waren (u.a. Normannen bzw. Engl\u00e4nder). In den Annals of Ulster und \u00e4hnlichen zeitgen\u00f6ssischen Berichten werden Personen- und Ortsnamen entsprechend auf sehr unterschiedliche Weise \u00fcberliefert \u2014 von fast noch altirischen Formen \u00fcber praktisch moderne Schreibung bis zu teilweise oder ganz anglisierter Schreibung ist alles zu finden. Aus diesem Grund wurde beschlossen, die Namen hier in einer Mischung aus mittelirischer und klassischer irischer Orthographie wiederzugeben. So w\u00e4re\u00a0<em>Ma\u00e9l Mhuire Mac Mathghamhna<\/em> alt\/mittelirisch etwa\u00a0<em>mael muire mac mathgamna<\/em> mit optionaler Lenitionsmarkierung und in modernem Neuirisch\u00a0<em>Maolmhuire Mac Math\u00fana<\/em>, engl.\u00a0<em>Myles McMahon<\/em>;\u00a0<em>\u00c1edh Buidhe Ua N\u00e9ill<\/em> findet sich als air.\/mir.\u00a0<em>\u00e1ed buide ua n\u00e9ill<\/em>, nir.\u00a0<em>Aodh Bu\u00ed \u00d3 N\u00e9ill<\/em>, engl.\u00a0<em>Hugh Boy O&#8217;Neil<\/em> (<em>Boy<\/em> bedeutet hier nat\u00fcrlich nicht &#8218;Junge&#8216;, sondern &#8218;gelb&#8216;; er d\u00fcrfte also blond gewesen sein). Namen von Orten, die zu jener Zeit bereits fest in englischer Hand waren, werden in Englisch genannt (<em>Louth<\/em> f\u00fcr\u00a0<em>Ludh<\/em>, nir.\u00a0<em>An L\u00fa<\/em>;\u00a0<em>Dundalk<\/em> f\u00fcr\u00a0<em>Dun-delgan<\/em>, nir.\u00a0<em>D\u00fan Dealgan<\/em>).<\/p>\n<p>Alle anderen irischen Texte auf dieser website sind reines Neuirisch.<\/p>\n<p>&nbsp;<\/p>\n<div id=\"attachment_368\" style=\"width: 244px\" class=\"wp-caption alignleft\"><a href=\"http:\/\/armati-domini.at\/wp-content\/uploads\/AD Information\/Verein-Personen\/Mitglieder\/Muireann Nic Mhathghamhna\/HP-mcmahon-oriel-wappen-1.jpg\"><img loading=\"lazy\" decoding=\"async\" aria-describedby=\"caption-attachment-368\" class=\"size-medium wp-image-368 \" title=\"McMahon of Oriel\" src=\"http:\/\/armati-domini.at\/wp-content\/uploads\/AD Information\/Verein-Personen\/Mitglieder\/Muireann Nic Mhathghamhna\/HP-mcmahon-oriel-wappen-1-234x300.jpg\" alt=\"HP mcmahon-oriel wappen 1\" width=\"234\" height=\"300\" srcset=\"http:\/\/www.armati-domini.at\/wp-content\/uploads\/AD%20Information\/Verein-Personen\/Mitglieder\/Muireann%20Nic%20Mhathghamhna\/HP-mcmahon-oriel-wappen-1-234x300.jpg 234w, http:\/\/www.armati-domini.at\/wp-content\/uploads\/AD%20Information\/Verein-Personen\/Mitglieder\/Muireann%20Nic%20Mhathghamhna\/HP-mcmahon-oriel-wappen-1.jpg 305w\" sizes=\"auto, (max-width: 234px) 100vw, 234px\" \/><\/a><p id=\"caption-attachment-368\" class=\"wp-caption-text\">McMahon of Oriel<\/p><\/div>\n<p><strong> DAS WAPPEN. <\/strong>Bekanntlich gibt es zwei wichtige Mac Mathghamhna septs in Irland, von denen die gr\u00f6\u00dfere (of Thomond) aus Cos Clare und Limerick stammt; deren Wappen zeigt auf silbernem Feld \u00fcbereinander 3 rote L\u00f6wen passant reguardant, optional mit blauer Wehr und Zunge. Das Motto lautet <em>sic nos sic sacra tuemur<\/em> &#8217;so verteidigen wir unsere heiligen Rechte&#8216;. Das Wappen der Monaghan sept (die in unserem Zusammenhang hier von gr\u00f6\u00dferem Interesse ist) zeigt auf silbernem Feld einen schwarzen Strau\u00df passant mit roter Zunge und einem goldenen Hufeisen im Schnabel. Das Motto lautet <em>so dorn dona dubhfhuilibh<\/em> &#8218;dies [ist] die Faust f\u00fcr die Schwarzbl\u00fctigen&#8216;, i.e. &#8218;diese Faust [richtet sich] gegen Tyrannen&#8216;. Die Helmzier besteht aus einem rechten, ungepanzerten Arm, dessen Schwert eine fleur-de-lis durchbohrt \u2014 ein Hinweis auf den langen Widerstand der Mathghamhnaigh gegen die Engl\u00e4nder (immerhin lag ihr Territorium nur knapp au\u00dferhalb des Pale). In der Heraldik steht der Strau\u00df f\u00fcr Z\u00e4higkeit, Wachsamkeit und Sturheit, und das kennzeichnende Hufeisen im Schnabel spielt auf die Tatsache an, dass man Strau\u00dfen nachsagte, sie k\u00f6nnten Eisen verdauen \u2014 weshalb der Strau\u00df ein bevorzugtes Wappenbild von St\u00e4dten mit Eisenerzeugung war (so tr\u00e4gt z.B. Leoben seit dem 13. Jhdt einen Strau\u00df im Wappen).<\/p>\n<p>Eine genaue Entstehungszeit des Strau\u00dfenwappens konnte ich bisher nicht ausfindig machen (wohl etwa gegen Ende des 13. Jhdts), und daher tr\u00e4gt Ma\u00e9l Mhuire als Nebenwappen ein Fantasiewappen, dessen Bild aber immerhin auf den Namen anspielt: <em>Mac Mathghamhna<\/em> = &#8218;Sohn des B\u00e4ren&#8216;.<\/p>\n<p>&nbsp;<\/p>\n<p>&nbsp;<\/p>\n<pre>Wappen basierend auf dem Design von <a href=\"http:\/\/www.heraldry.ws\" target=\"_blank\">www.heraldry.ws<\/a><\/pre>\n<p><a href=\"http:\/\/armati-domini.at\/?page_id=224\">zur\u00fcck<\/a><\/p>\n","protected":false},"excerpt":{"rendered":"<p>&nbsp; DIE NAMEN. Die irische Orthographie des Hochmittelalters (zur Differenzierung der Sprachstufen cf. Breatnach 1994: 221-2) war, \u00e4hnlich wie etwa die Orthographie des Mittelenglischen, alles andere als einheitlich. Dazu kommt noch, dass nicht alle, die irisches Sprachgut niederschrieben, der Sprache auch wirklich m\u00e4chtig waren (u.a. Normannen bzw. Engl\u00e4nder). In den Annals of Ulster und \u00e4hnlichen [&hellip;]<\/p>\n","protected":false},"author":1,"featured_media":0,"parent":224,"menu_order":0,"comment_status":"closed","ping_status":"closed","template":"","meta":{"footnotes":""},"class_list":["post-391","page","type-page","status-publish","hentry"],"_links":{"self":[{"href":"http:\/\/www.armati-domini.at\/index.php?rest_route=\/wp\/v2\/pages\/391","targetHints":{"allow":["GET"]}}],"collection":[{"href":"http:\/\/www.armati-domini.at\/index.php?rest_route=\/wp\/v2\/pages"}],"about":[{"href":"http:\/\/www.armati-domini.at\/index.php?rest_route=\/wp\/v2\/types\/page"}],"author":[{"embeddable":true,"href":"http:\/\/www.armati-domini.at\/index.php?rest_route=\/wp\/v2\/users\/1"}],"replies":[{"embeddable":true,"href":"http:\/\/www.armati-domini.at\/index.php?rest_route=%2Fwp%2Fv2%2Fcomments&post=391"}],"version-history":[{"count":17,"href":"http:\/\/www.armati-domini.at\/index.php?rest_route=\/wp\/v2\/pages\/391\/revisions"}],"predecessor-version":[{"id":4364,"href":"http:\/\/www.armati-domini.at\/index.php?rest_route=\/wp\/v2\/pages\/391\/revisions\/4364"}],"up":[{"embeddable":true,"href":"http:\/\/www.armati-domini.at\/index.php?rest_route=\/wp\/v2\/pages\/224"}],"wp:attachment":[{"href":"http:\/\/www.armati-domini.at\/index.php?rest_route=%2Fwp%2Fv2%2Fmedia&parent=391"}],"curies":[{"name":"wp","href":"https:\/\/api.w.org\/{rel}","templated":true}]}}