{"id":4046,"date":"2015-11-06T19:39:14","date_gmt":"2015-11-06T18:39:14","guid":{"rendered":"http:\/\/www.armati-domini.at\/?page_id=4046"},"modified":"2023-03-29T11:27:55","modified_gmt":"2023-03-29T09:27:55","slug":"quiz","status":"publish","type":"page","link":"http:\/\/www.armati-domini.at\/?page_id=4046","title":{"rendered":"Quiz"},"content":{"rendered":"<h3>Quizfrage:<\/h3>\n<p><span style=\"font-family: 'Arial';\">Was ist klein bis mittelgro\u00df, oft wei\u00df, meistens flauschig, fri\u00dft Gras\u00a0(oder was es daf\u00fcr h\u00e4lt), hat vier St\u00f6ckchenbeine und\u00a0nichts in der Birne au\u00dfer fressen und noch mehr kleine bis mittelgro\u00dfe Dinger machen, die oft wei\u00df sind, meistens flauschig, Gras fressen (oder was sie daf\u00fcr halten), vier St\u00f6ckchenbeine haben und nix in der Birne au\u00dfer etc. etc.?<\/span> <span style=\"font-family: 'Arial';\">Was war au\u00dferdem bis vor gar nicht so langer Zeit\u00a0in unseren Breiten einer der wichtigsten Haus- und Hof-Mitbewohner ?<\/span><\/p>\n<p>&#8230;<\/p>\n<p>&#8230;<\/p>\n<p>&#8230;<\/p>\n<p><span style=\"font-family: 'Arial';\">\u00a0<\/span><\/p>\n<p><a href=\"http:\/\/www.armati-domini.at\/?attachment_id=4555\" rel=\"attachment wp-att-4555\"><img loading=\"lazy\" decoding=\"async\" class=\"alignnone size-full wp-image-4555\" src=\"http:\/\/www.armati-domini.at\/wp-content\/uploads\/2017\/08\/Schafe-Husum.jpg\" alt=\"Schafe Husum\" width=\"300\" height=\"225\" \/><\/a><\/p>\n<p><span style=\"font-family: 'Arial';\">&#8230;<\/span><\/p>\n<p><span style=\"font-family: 'Arial';\">&#8230;<\/span><\/p>\n<p><span style=\"font-family: 'Arial';\">genau:<\/span><\/p>\n<h3>DAS SCHAF.<\/h3>\n<p><span style=\"font-family: 'Arial';\">(<i><u>Ovis<\/u><\/i><u> <i>aries<\/i><\/u><i>,<\/i> E <i><u>sheep<\/u>,<\/i> AltE <i><u>sceap<\/u>,<\/i> AHD <i><u>scaf<\/u>,<\/i> Ir.\u00a0<i> <u>caora<\/u>,<\/i> AltIr. <i><u>c\u00e1era<\/u>,<\/i> Wal. <i><u>dafad<\/u>,<\/i> Bret. <i><u>da\u00f1vad<\/u>, <\/i>SchottG\u00e4l. <i><u>caora<\/u>,<\/i> Manx <i><u>keyrrey<\/u>, <\/i>Ital. <i><u>pecora<\/u>,<\/i> Span. <i><u>oveja<\/u>,<\/i> Fran. <i><u>mouton<\/u>,<\/i> Isl.\u00a0<i> <u>sau\u00f0f\u00e9<\/u>,<\/i> Ung. <i><u>juh<\/u>, <\/i>Geor. <i><u>cxvari<\/u>, <\/i>Luw. <i><u>xawa<\/u>-,<\/i> TB <span style=\"text-decoration: underline;\"><em>\u0101<sub>u<\/sub><\/em><\/span>)<\/span><\/p>\n<p><span style=\"font-family: 'Arial';\">Es spendiert Milch\u00a0und Wolle, man kann es essen, und das, was man nicht essen kann, l\u00e4\u00dft sich so ziemlich vollst\u00e4ndig als Rohstoff verwerten (mit Ausnahme des Mageninhaltes, vielleicht). Man kann es knuffeln, wenn man denn so nahe an eins rankommt (gut, das haben sie im Mittelalter jetzt wohl weniger gemacht), und vor allem st\u00e4rkt es das Ego &#8211; man f\u00fchlt sich in Gegenwart einer Schafherde so unheimlich intelligent (nicht da\u00df eine Bernadette oder Muireann oder gar Artomara!\u00a0sowas n\u00f6tig h\u00e4tte, es wollte nur der Vollst\u00e4ndigkeit halber erw\u00e4hnt sein).<\/span><\/p>\n<p><span style=\"font-family: 'Arial';\">Da wir hier ja der getreulichen Darstellung vergangener Zeiten verpflichtet sind, kann man diesen Ausbund an knuffiger Doofheit dem geneigten Besucher dieser Seite nat\u00fcrlich schlecht vorenthalten.<\/span><\/p>\n<p><span style=\"font-family: 'Arial';\">Auch wenn der leidgepr\u00fcfte Bernard nicht so ganz versteht, was sein lieb Schwesterlein an den Viechern findet (au\u00dfer da\u00df sie halt lecker sind) &#8211; er ist \u00fcberstimmt: 1 : 1001 (1x Bernard gegen 1x Bernadette, 1000x Schaf).<\/span><\/p>\n<p><span style=\"font-family: 'Arial';\">Deshalb also:<\/span><\/p>\n<h3><span style=\"font-size: 13.5pt; font-family: 'Arial'; color: red;\">Ein Hoch auf den flauschigen Teil der Fauna!!<\/span><\/h3>\n<p>Da stellt sich dann\u00a0nur noch die Frage: <em>Beowulf<\/em> oder <em>Beosc\u00e9ap<\/em>???<\/p>\n<p><a href=\"http:\/\/www.armati-domini.at\/?attachment_id=4558\" rel=\"attachment wp-att-4558\"><img loading=\"lazy\" decoding=\"async\" class=\"alignnone size-full wp-image-4558\" src=\"http:\/\/www.armati-domini.at\/wp-content\/uploads\/2017\/08\/Hengist-und-Horsa-pic-f\u00fcr-HP.jpg\" alt=\"Hengist und Horsa pic f\u00fcr HP\" width=\"347\" height=\"342\" srcset=\"http:\/\/www.armati-domini.at\/wp-content\/uploads\/2017\/08\/Hengist-und-Horsa-pic-f\u00fcr-HP.jpg 347w, http:\/\/www.armati-domini.at\/wp-content\/uploads\/2017\/08\/Hengist-und-Horsa-pic-f\u00fcr-HP-300x296.jpg 300w\" sizes=\"auto, (max-width: 347px) 100vw, 347px\" \/><\/a><\/p>\n<h6>Foto I. Janich, Cartoon T. Ill\u00e9s, sheep caf\u00e9 banner Mona Ketterer<\/h6>\n<p>&lt;&lt; <a href=\"http:\/\/armati-domini.at\/?page_id=76\">zur\u00fcck<\/a><\/p>\n","protected":false},"excerpt":{"rendered":"<p>Quizfrage: Was ist klein bis mittelgro\u00df, oft wei\u00df, meistens flauschig, fri\u00dft Gras\u00a0(oder was es daf\u00fcr h\u00e4lt), hat vier St\u00f6ckchenbeine und\u00a0nichts in der Birne au\u00dfer fressen und noch mehr kleine bis mittelgro\u00dfe Dinger machen, die oft wei\u00df sind, meistens flauschig, Gras fressen (oder was sie daf\u00fcr halten), vier St\u00f6ckchenbeine haben und nix in der Birne au\u00dfer [&hellip;]<\/p>\n","protected":false},"author":1,"featured_media":0,"parent":76,"menu_order":0,"comment_status":"closed","ping_status":"closed","template":"","meta":{"footnotes":""},"class_list":["post-4046","page","type-page","status-publish","hentry"],"_links":{"self":[{"href":"http:\/\/www.armati-domini.at\/index.php?rest_route=\/wp\/v2\/pages\/4046","targetHints":{"allow":["GET"]}}],"collection":[{"href":"http:\/\/www.armati-domini.at\/index.php?rest_route=\/wp\/v2\/pages"}],"about":[{"href":"http:\/\/www.armati-domini.at\/index.php?rest_route=\/wp\/v2\/types\/page"}],"author":[{"embeddable":true,"href":"http:\/\/www.armati-domini.at\/index.php?rest_route=\/wp\/v2\/users\/1"}],"replies":[{"embeddable":true,"href":"http:\/\/www.armati-domini.at\/index.php?rest_route=%2Fwp%2Fv2%2Fcomments&post=4046"}],"version-history":[{"count":16,"href":"http:\/\/www.armati-domini.at\/index.php?rest_route=\/wp\/v2\/pages\/4046\/revisions"}],"predecessor-version":[{"id":5046,"href":"http:\/\/www.armati-domini.at\/index.php?rest_route=\/wp\/v2\/pages\/4046\/revisions\/5046"}],"up":[{"embeddable":true,"href":"http:\/\/www.armati-domini.at\/index.php?rest_route=\/wp\/v2\/pages\/76"}],"wp:attachment":[{"href":"http:\/\/www.armati-domini.at\/index.php?rest_route=%2Fwp%2Fv2%2Fmedia&parent=4046"}],"curies":[{"name":"wp","href":"https:\/\/api.w.org\/{rel}","templated":true}]}}