{"id":4384,"date":"2016-08-29T12:04:12","date_gmt":"2016-08-29T10:04:12","guid":{"rendered":"http:\/\/www.armati-domini.at\/?page_id=4384"},"modified":"2017-08-07T14:41:38","modified_gmt":"2017-08-07T12:41:38","slug":"artomara","status":"publish","type":"page","link":"http:\/\/www.armati-domini.at\/?page_id=4384","title":{"rendered":"Artomara"},"content":{"rendered":"<p><img loading=\"lazy\" decoding=\"async\" class=\"aligncenter wp-image-4389 size-medium\" src=\"http:\/\/www.armati-domini.at\/wp-content\/uploads\/2016\/08\/Artomara-Boese-202x300.jpg\" alt=\"Artomara Boese\" width=\"202\" height=\"300\" srcset=\"http:\/\/www.armati-domini.at\/wp-content\/uploads\/2016\/08\/Artomara-Boese-202x300.jpg 202w, http:\/\/www.armati-domini.at\/wp-content\/uploads\/2016\/08\/Artomara-Boese.jpg 248w\" sizes=\"auto, (max-width: 202px) 100vw, 202px\" \/><\/p>\n<p style=\"text-align: justify;\"><span style=\"font-family: 'Arial';\">Irgendwo in Mitteleuropa, ca. 60 BC.<\/span><\/p>\n<p style=\"text-align: justify;\"><i><span style=\"font-family: 'Arial';\">Artomara<\/span><\/i><span style=\"font-family: 'Arial';\">, die B\u00e4rengro\u00dfe, \u00fcberragt alle Frauen ihrer Touta an K\u00f6rpergr\u00f6\u00dfe (sagen alle) und vor allem alle M\u00e4nner an Intelligenz (sagt sie) &#8211; daher der Name. Als einziges Kind\u00a0des lokalen F\u00fcrsten wird es wohl irgendwann ihre Aufgabe sein, die Krieger in den Kampf zu f\u00fchren, und so \u00fcbt sie schon mal, wie man die K\u00f6pfe seiner (Ex-)Feinde m\u00f6glichst \u00e4sthetisch auf den Toren eines Oppidums verteilt&#8230;<\/span><\/p>\n<p style=\"text-align: justify;\"><span style=\"font-family: 'Arial';\">\u00a0<\/span><\/p>\n<pre style=\"text-align: justify;\">Foto: D. Stifter<\/pre>\n","protected":false},"excerpt":{"rendered":"<p>Irgendwo in Mitteleuropa, ca. 60 BC. Artomara, die B\u00e4rengro\u00dfe, \u00fcberragt alle Frauen ihrer Touta an K\u00f6rpergr\u00f6\u00dfe (sagen alle) und vor allem alle M\u00e4nner an Intelligenz (sagt sie) &#8211; daher der Name. Als einziges Kind\u00a0des lokalen F\u00fcrsten wird es wohl irgendwann ihre Aufgabe sein, die Krieger in den Kampf zu f\u00fchren, und so \u00fcbt sie schon [&hellip;]<\/p>\n","protected":false},"author":1,"featured_media":0,"parent":76,"menu_order":0,"comment_status":"closed","ping_status":"closed","template":"","meta":{"footnotes":""},"class_list":["post-4384","page","type-page","status-publish","hentry"],"_links":{"self":[{"href":"http:\/\/www.armati-domini.at\/index.php?rest_route=\/wp\/v2\/pages\/4384","targetHints":{"allow":["GET"]}}],"collection":[{"href":"http:\/\/www.armati-domini.at\/index.php?rest_route=\/wp\/v2\/pages"}],"about":[{"href":"http:\/\/www.armati-domini.at\/index.php?rest_route=\/wp\/v2\/types\/page"}],"author":[{"embeddable":true,"href":"http:\/\/www.armati-domini.at\/index.php?rest_route=\/wp\/v2\/users\/1"}],"replies":[{"embeddable":true,"href":"http:\/\/www.armati-domini.at\/index.php?rest_route=%2Fwp%2Fv2%2Fcomments&post=4384"}],"version-history":[{"count":15,"href":"http:\/\/www.armati-domini.at\/index.php?rest_route=\/wp\/v2\/pages\/4384\/revisions"}],"predecessor-version":[{"id":4570,"href":"http:\/\/www.armati-domini.at\/index.php?rest_route=\/wp\/v2\/pages\/4384\/revisions\/4570"}],"up":[{"embeddable":true,"href":"http:\/\/www.armati-domini.at\/index.php?rest_route=\/wp\/v2\/pages\/76"}],"wp:attachment":[{"href":"http:\/\/www.armati-domini.at\/index.php?rest_route=%2Fwp%2Fv2%2Fmedia&parent=4384"}],"curies":[{"name":"wp","href":"https:\/\/api.w.org\/{rel}","templated":true}]}}