{"id":4839,"date":"2018-08-31T10:12:52","date_gmt":"2018-08-31T08:12:52","guid":{"rendered":"http:\/\/www.armati-domini.at\/?page_id=4839"},"modified":"2018-08-31T10:33:02","modified_gmt":"2018-08-31T08:33:02","slug":"strausse-dodos-und-anderes-federvieh","status":"publish","type":"page","link":"http:\/\/www.armati-domini.at\/?page_id=4839","title":{"rendered":"Strausse, Dodos und anderes Federvieh"},"content":{"rendered":"<p>Der afrikanische Strauss (<em>Struthio camelus<\/em>) hat zwar &#8211; aus heutiger Sicht &#8211; eine sehr eindeutige Silhouette, ist in der Heraldik aber oft nur schwer von anderem Federvieh zu unterscheiden. Besonders Graureiher (<em><span class=\"st\">Ardea cinerea<\/span><\/em>) und H\u00f6ckerschwan (<i>Cygnus olor<\/i>) werden mitunter recht \u00e4hnlich dargestellt. Deswegen werden den Tieren gerne Symbole beigestellt, um deutlich zu machen welcher langbeinige, langhalsige Vogel denn nun gemeint ist.<\/p>\n<p>Der Strauss ist h\u00e4ufig durch ein Hufeisen gekennzeichnet (ein Hinweis auf seine vermeintliche F\u00e4higkeit, Eisen zu fressen), der Reiher durch einen Stein (da er auf Steinen br\u00fctet), der Schwan als k\u00f6niglicher Vogel durch eine Krone (im 12. Jhdt. geh\u00f6rten nach englischem Recht die meisten Schw\u00e4ne der Insel zu dem pers\u00f6nlichen Besitz des K\u00f6nigs bzw. der K\u00f6nigin).<\/p>\n<p>Inwieweit der Dodo (<i>Raphus cucullatus<\/i>) und der Flamingo (<em><span class=\"st\">Phoenicopterus roseus<\/span><\/em>) &#8211; bzw. die vereisten Kreuzungen daraus, Flado und Domingo &#8211; und der mit ihnen verbundene Kampfschrei (&#8222;Do Do Do Do Do Do &#8211; Flamingo! &#8211; Do Do Do Do&#8220; etc.) tats\u00e4chlich historischen Ursprungs sind, soll an dieser Stelle nicht weiter diskutiert werden und bleibt der bl\u00fchenden Vorstellungskraft des geneigten Lesers vorbehalten. In diesem Sinne:<\/p>\n<h2 style=\"text-align: center;\">Entdecke den Dodo in dir!!<\/h2>\n<p style=\"text-align: center;\"><a href=\"http:\/\/www.armati-domini.at\/?attachment_id=4841\" rel=\"attachment wp-att-4841\"><img loading=\"lazy\" decoding=\"async\" class=\"wp-image-4841 aligncenter\" src=\"http:\/\/www.armati-domini.at\/wp-content\/uploads\/2018\/08\/Frohawk_Dodo-resized.jpg\" alt=\"\" width=\"410\" height=\"334\" srcset=\"http:\/\/www.armati-domini.at\/wp-content\/uploads\/2018\/08\/Frohawk_Dodo-resized.jpg 640w, http:\/\/www.armati-domini.at\/wp-content\/uploads\/2018\/08\/Frohawk_Dodo-resized-300x244.jpg 300w\" sizes=\"auto, (max-width: 410px) 100vw, 410px\" \/><\/a><\/p>\n<p style=\"text-align: center;\">Und ja, dieser Beitrag ist mit einer Prise Salz zu genie\u00dfen&#8230;<\/p>\n<p style=\"text-align: center;\"><a href=\"http:\/\/www.armati-domini.at\/?page_id=76\">&lt;&lt; zur\u00fcck<\/a><\/p>\n<p>&nbsp;<\/p>\n<pre>Bild:\r\n<span class=\"mw-mmv-title\">Frederick William Frohawk (1861-1946) in Walter Rothschild, 1907: <i>Extinct Birds.\r\n<\/i>[Public Domain]<\/span><\/pre>\n<p>&nbsp;<\/p>\n","protected":false},"excerpt":{"rendered":"<p>Der afrikanische Strauss (Struthio camelus) hat zwar &#8211; aus heutiger Sicht &#8211; eine sehr eindeutige Silhouette, ist in der Heraldik aber oft nur schwer von anderem Federvieh zu unterscheiden. Besonders Graureiher (Ardea cinerea) und H\u00f6ckerschwan (Cygnus olor) werden mitunter recht \u00e4hnlich dargestellt. Deswegen werden den Tieren gerne Symbole beigestellt, um deutlich zu machen welcher langbeinige, [&hellip;]<\/p>\n","protected":false},"author":1,"featured_media":0,"parent":76,"menu_order":0,"comment_status":"closed","ping_status":"closed","template":"","meta":{"footnotes":""},"class_list":["post-4839","page","type-page","status-publish","hentry"],"_links":{"self":[{"href":"http:\/\/www.armati-domini.at\/index.php?rest_route=\/wp\/v2\/pages\/4839","targetHints":{"allow":["GET"]}}],"collection":[{"href":"http:\/\/www.armati-domini.at\/index.php?rest_route=\/wp\/v2\/pages"}],"about":[{"href":"http:\/\/www.armati-domini.at\/index.php?rest_route=\/wp\/v2\/types\/page"}],"author":[{"embeddable":true,"href":"http:\/\/www.armati-domini.at\/index.php?rest_route=\/wp\/v2\/users\/1"}],"replies":[{"embeddable":true,"href":"http:\/\/www.armati-domini.at\/index.php?rest_route=%2Fwp%2Fv2%2Fcomments&post=4839"}],"version-history":[{"count":19,"href":"http:\/\/www.armati-domini.at\/index.php?rest_route=\/wp\/v2\/pages\/4839\/revisions"}],"predecessor-version":[{"id":4856,"href":"http:\/\/www.armati-domini.at\/index.php?rest_route=\/wp\/v2\/pages\/4839\/revisions\/4856"}],"up":[{"embeddable":true,"href":"http:\/\/www.armati-domini.at\/index.php?rest_route=\/wp\/v2\/pages\/76"}],"wp:attachment":[{"href":"http:\/\/www.armati-domini.at\/index.php?rest_route=%2Fwp%2Fv2%2Fmedia&parent=4839"}],"curies":[{"name":"wp","href":"https:\/\/api.w.org\/{rel}","templated":true}]}}